{"id":377,"date":"2019-06-16T15:42:10","date_gmt":"2019-06-16T15:42:10","guid":{"rendered":"https:\/\/themes.themeenergy.com\/bookyourtravel\/sustainable-travel\/about-us\/"},"modified":"2020-07-05T20:50:54","modified_gmt":"2020-07-05T19:50:54","slug":"sobre-nosotros","status":"publish","type":"page","link":"https:\/\/kaii.co\/tours\/sobre-nosotros\/","title":{"rendered":"Sobre nosotros"},"content":{"rendered":"<p>[vc_row full_width=&#8221;stretch_row_content_no_spaces&#8221; equal_height=&#8221;yes&#8221;][vc_column width=&#8221;1\/2&#8243; css=&#8221;.vc_custom_1560699937034{background-image: url(https:\/\/themes.themeenergy.com\/bookyourtravel\/sustainable-travel\/wp-content\/uploads\/sites\/27\/2019\/06\/rs01.jpg?id=160) !important;background-position: center !important;background-repeat: no-repeat !important;background-size: cover !important;}&#8221;][vc_empty_space height=&#8221;400px&#8221;][\/vc_column][vc_column width=&#8221;1\/2&#8243; css=&#8221;.vc_custom_1560699911013{background-image: url(https:\/\/themes.themeenergy.com\/bookyourtravel\/sustainable-travel\/wp-content\/uploads\/sites\/27\/2019\/06\/hero3.jpg?id=180) !important;background-position: center !important;background-repeat: no-repeat !important;background-size: cover !important;}&#8221;][vc_empty_space height=&#8221;400px&#8221;][\/vc_column][\/vc_row][vc_row full_width=&#8221;stretch_row&#8221; css_animation=&#8221;none&#8221; css=&#8221;.vc_custom_1560511073670{padding-top: 50px !important;padding-right: 5vw !important;padding-left: 5vw !important;background-color: #ffffff !important;}&#8221;][vc_column css_animation=&#8221;none&#8221;][vc_custom_heading text=&#8221;Sobre KAii Tours&#8221; font_container=&#8221;tag:h2|font_size:27px|text_align:center&#8221; google_fonts=&#8221;font_family:Libre%20Baskerville%3Aregular%2Citalic%2C700|font_style:700%20bold%20regular%3A700%3Anormal&#8221; css_animation=&#8221;none&#8221; css=&#8221;.vc_custom_1593977350177{padding-bottom: 30px !important;}&#8221;][vc_row_inner gap=&#8221;35&#8243; css=&#8221;.vc_custom_1560511097384{padding-right: 5% !important;padding-left: 5% !important;}&#8221;][vc_column_inner width=&#8221;2\/3&#8243;][vc_column_text]Somos una plataforma de turismo sostenible que ofrece viajes con alma para todas las personas que quieran conocer Asia de una manera diferente, responsable y \u00fanica.<\/p>\n<p>El turismo puede aportar un impacto positivo a nivel econ\u00f3mico y social, especialmente en las zonas rurales y en los pa\u00edses en v\u00edas de desarrollo.<\/p>\n<p>Sin embargo, estos beneficios s\u00f3lo se producir\u00e1n con un turismo responsable y sostenible, y con unos viajes dise\u00f1adas de manera cuidadosa para no alterar la comunidad de acogida ni el medio ambiente.<\/p>\n<p>En KAii Tours somos conscientes de ello, y dise\u00f1amos cada ruta de manera personalizada para nuestros viajeros, asegurando siempre un impacto positivo para el planeta y las personas.<\/p>\n<p>Adem\u00e1s, donamos el 20% de nuestros beneficios a la Fundaci\u00f3n Si Asha y el 20% a KAii Group, contribuyendo en la inclusi\u00f3n de las personas con discapacidad, la plantaci\u00f3n de \u00e1rboles y la disminuci\u00f3n de la pobreza.<\/p>\n<p>Creemos que juntos podemos descubrir las maravillas del mundo oriental a la vez que dejamos nuestro mundo en un lugar mejor de lo que lo encontramos.[\/vc_column_text][\/vc_column_inner][vc_column_inner width=&#8221;1\/3&#8243; css=&#8221;.vc_custom_1593977585537{background-image: url(https:\/\/kaii.co\/tours\/wp-content\/uploads\/2020\/06\/KAii-Tours-viaje-nepal-mountania-tes.png?id=607) !important;}&#8221;][vc_empty_space height=&#8221;400px&#8221;][\/vc_column_inner][\/vc_row_inner][\/vc_column][\/vc_row][vc_row full_width=&#8221;stretch_row&#8221; css=&#8221;.vc_custom_1560510745556{padding-bottom: 50px !important;background-color: #ffffff !important;}&#8221;][vc_column width=&#8221;1\/6&#8243;][\/vc_column][vc_column width=&#8221;2\/3&#8243;][vc_video link=&#8221;https:\/\/youtu.be\/goKinj8ya-E&#8221; align=&#8221;center&#8221;][vc_row_inner][vc_column_inner width=&#8221;1\/3&#8243;][vc_single_image image=&#8221;22&#8243; img_size=&#8221;full&#8221; alignment=&#8221;center&#8221; onclick=&#8221;custom_link&#8221; css_animation=&#8221;none&#8221; link=&#8221;#&#8221;][\/vc_column_inner][vc_column_inner width=&#8221;1\/3&#8243;][vc_single_image image=&#8221;23&#8243; img_size=&#8221;full&#8221; alignment=&#8221;center&#8221; onclick=&#8221;custom_link&#8221; css_animation=&#8221;none&#8221; link=&#8221;#&#8221;][\/vc_column_inner][vc_column_inner width=&#8221;1\/3&#8243;][vc_single_image image=&#8221;384&#8243; img_size=&#8221;full&#8221; alignment=&#8221;center&#8221; onclick=&#8221;custom_link&#8221; css_animation=&#8221;none&#8221; link=&#8221;#&#8221; css=&#8221;.vc_custom_1560702734441{padding-top: 9px !important;}&#8221;][\/vc_column_inner][\/vc_row_inner][\/vc_column][vc_column width=&#8221;1\/6&#8243;][\/vc_column][\/vc_row][vc_row full_width=&#8221;stretch_row&#8221; css_animation=&#8221;none&#8221; css=&#8221;.vc_custom_1560700510131{padding-top: 50px !important;padding-right: 5vw !important;padding-bottom: 50px !important;padding-left: 5vw !important;}&#8221;][vc_column css_animation=&#8221;none&#8221;][vc_custom_heading text=&#8221;Mission &amp; Vision&#8221; font_container=&#8221;tag:h2|font_size:27px|text_align:center&#8221; google_fonts=&#8221;font_family:Libre%20Baskerville%3Aregular%2Citalic%2C700|font_style:700%20bold%20regular%3A700%3Anormal&#8221; css_animation=&#8221;none&#8221; css=&#8221;.vc_custom_1560768399759{padding-bottom: 30px !important;}&#8221;][vc_row_inner gap=&#8221;35&#8243; css=&#8221;.vc_custom_1560511097384{padding-right: 5% !important;padding-left: 5% !important;}&#8221;][vc_column_inner width=&#8221;1\/3&#8243;][vc_column_text]<\/p>\n<h3 style=\"text-align: center;\"><strong>Misi\u00f3n<\/strong><\/h3>\n<p>Nos esforzamos por dejar nuestro mundo en un lugar mejor de lo que lo encontramos, ofreciendo viajes con alma para todas las personas que quieran conocer Asia de una manera responsable, sostenible y \u00fanica. Adem\u00e1s, contribuimos a la conservaci\u00f3n del medio ambiente y ayudamos a los colectivos m\u00e1s vulnerables.[\/vc_column_text][\/vc_column_inner][vc_column_inner width=&#8221;1\/3&#8243;][vc_column_text]<\/p>\n<h3 style=\"text-align: center;\"><strong>Visi\u00f3n<\/strong><\/h3>\n<p>Aspiramos a dejar nuestro mundo en un lugar mejor del que lo hemos encontrado, creando un impacto positivo a trav\u00e9s del turismo sostenible y generando paz, prosperidad, inclusi\u00f3n y positividad.[\/vc_column_text][\/vc_column_inner][vc_column_inner width=&#8221;1\/3&#8243;][vc_column_text]<\/p>\n<h3 style=\"text-align: center;\"><strong>Prop\u00f3sito<\/strong><\/h3>\n<p>Contribuir en el desarrollo socioecon\u00f3mico sostenible a trav\u00e9s del turismo responsable y sostenible en Asia, la participaci\u00f3n en proyectos \u00e9ticos, y la acci\u00f3n social y medioambiental, que crean un mundo mejor con paz, prosperidad, inclusi\u00f3n y positividad.[\/vc_column_text][\/vc_column_inner][\/vc_row_inner][vc_row_inner gap=&#8221;35&#8243; css=&#8221;.vc_custom_1560511097384{padding-right: 5% !important;padding-left: 5% !important;}&#8221;][vc_column_inner width=&#8221;1\/4&#8243;][vc_pie value=&#8221;100&#8243; label_value=&#8221;100&#8243; color=&#8221;custom&#8221; units=&#8221;%&#8221; custom_color=&#8221;#06885c&#8221;][vc_custom_heading text=&#8221;We follow strict zero plastic policy&#8221; font_container=&#8221;tag:h4|text_align:center&#8221; use_theme_fonts=&#8221;yes&#8221;][\/vc_column_inner][vc_column_inner width=&#8221;1\/4&#8243;][vc_pie value=&#8221;79&#8243; label_value=&#8221;79&#8243; color=&#8221;custom&#8221; units=&#8221;%&#8221; custom_color=&#8221;#06885c&#8221;][vc_custom_heading text=&#8221;We have reduced our direct carbon footprint&#8221; font_container=&#8221;tag:h4|text_align:center&#8221; use_theme_fonts=&#8221;yes&#8221;][\/vc_column_inner][vc_column_inner width=&#8221;1\/4&#8243;][vc_pie value=&#8221;65&#8243; label_value=&#8221;65&#8243; color=&#8221;custom&#8221; units=&#8221;%&#8221; custom_color=&#8221;#06885c&#8221;][vc_custom_heading text=&#8221;We work with small local businesses&#8221; font_container=&#8221;tag:h4|text_align:center&#8221; use_theme_fonts=&#8221;yes&#8221;][\/vc_column_inner][vc_column_inner width=&#8221;1\/4&#8243;][vc_pie value=&#8221;59&#8243; label_value=&#8221;59&#8243; color=&#8221;custom&#8221; units=&#8221;%&#8221; custom_color=&#8221;#06885c&#8221;][vc_custom_heading text=&#8221;We protect endangered species &amp; wildlife&#8221; font_container=&#8221;tag:h4|text_align:center&#8221; use_theme_fonts=&#8221;yes&#8221;][\/vc_column_inner][\/vc_row_inner][\/vc_column][\/vc_row][vc_row][vc_column][vc_custom_heading text=&#8221;Preguntas frecuentes&#8221; font_container=&#8221;tag:h1|text_align:center|color:%23ffffff|line_height:1.33&#8243; google_fonts=&#8221;font_family:Libre%20Baskerville%3Aregular%2Citalic%2C700|font_style:400%20regular%3A400%3Anormal&#8221; css_animation=&#8221;none&#8221; css=&#8221;.vc_custom_1593977973726{padding-bottom: 10px !important;}&#8221;][vc_toggle title=&#8221;\u00bfNecesito visado?&#8221;]S\u00ed, es necesario sacar visado. Lo puedes hacer desde la embajada de Nepal en Espa\u00f1a o a la llegada. Es un tr\u00e1mite sencillo y te asesoraremos sobre c\u00f3mo realizarlo.[\/vc_toggle][vc_toggle title=&#8221;\u00bfDebo vacunar-me?&#8221;]No hay vacunas obligatorias, pero si recomendadas. Te recomendamos que visites el centro de vacunaci\u00f3n internacional de tu territorio para que un profesional te asesore.[\/vc_toggle][vc_toggle title=&#8221;\u00bfEs recomendable un seguro de viajes?&#8221;]S\u00ed, es recomendable pues la sanidad privada es muy cara en Nepal.\u00a0 Si quieres podemos ayudarte a tramitar tu seguro de viajes al mejor precio.[\/vc_toggle][vc_toggle title=&#8221;\u00bfHay hospitales en caso que me enferme?&#8221;]S\u00ed, en Kathmandu hay hospitales internacionales que si tienes un seguro de viajes tendr\u00e1s cubierta la atenci\u00f3n de cualquier emergencia.[\/vc_toggle][vc_toggle title=&#8221;\u00bfC\u00f3mo es el tiempo?&#8221;]Los mejore meses para viajar a Nepal es de octubre a abril. Durante mayo y junio hace mucho calor, y de julio a setiembre es \u00e9poca de lluvias. A pesar de que haya lluvias o haga calor, se puede viajar a Nepal perfectamente.<\/p>\n<p>[\/vc_toggle][vc_toggle title=&#8221;\u00bfEs un pa\u00eds seguro?&#8221;]S\u00ed, es un pa\u00eds seguro para viajar s\u00f3lo o en familia.<\/p>\n<p>[\/vc_toggle][vc_toggle title=&#8221;\u00bfC\u00f3mo es la comida?&#8221;]La comida t\u00edpica es el dalbhat, que es arroz con lentejas y verdura. Sin embargo, existen muchos restaurantes de comida internacional d\u00f3nde puedes encontrar todo tipo de platos.[\/vc_toggle][\/vc_column][\/vc_row][vc_row full_width=&#8221;stretch_row&#8221; content_placement=&#8221;middle&#8221; css=&#8221;.vc_custom_1560080902890{padding-top: 60px !important;padding-right: 10vw !important;padding-bottom: 60px !important;padding-left: 10vw !important;background-color: #06885c !important;}&#8221;][vc_column][vc_custom_heading text=&#8221;\u201cNature is not a place to visit. It is home.\u201d \u2015 Gary Snyder&#8221; font_container=&#8221;tag:h1|text_align:center|color:%23ffffff|line_height:1.33&#8243; google_fonts=&#8221;font_family:Libre%20Baskerville%3Aregular%2Citalic%2C700|font_style:400%20regular%3A400%3Anormal&#8221; css_animation=&#8221;none&#8221; css=&#8221;.vc_custom_1560699972643{padding-bottom: 10px !important;}&#8221;][\/vc_column][\/vc_row][vc_row full_width=&#8221;stretch_row_content_no_spaces&#8221; equal_height=&#8221;yes&#8221;][vc_column width=&#8221;1\/2&#8243; css=&#8221;.vc_custom_1560702638073{background-image: url(https:\/\/themes.themeenergy.com\/bookyourtravel\/sustainable-travel\/wp-content\/uploads\/sites\/27\/2019\/06\/s0.jpg?id=170) !important;background-position: center !important;background-repeat: no-repeat !important;background-size: cover !important;}&#8221;][vc_empty_space height=&#8221;500px&#8221;][\/vc_column][vc_column width=&#8221;1\/2&#8243; css=&#8221;.vc_custom_1560700838258{background-image: url(https:\/\/themes.themeenergy.com\/bookyourtravel\/sustainable-travel\/wp-content\/uploads\/sites\/27\/2019\/06\/rs00.jpg?id=159) !important;background-position: center !important;background-repeat: no-repeat !important;background-size: cover !important;}&#8221;][vc_empty_space height=&#8221;500px&#8221;][\/vc_column][\/vc_row]<\/p>\n","protected":false},"excerpt":{"rendered":"<p>[vc_row full_width=&#8221;stretch_row_content_no_spaces&#8221; equal_height=&#8221;yes&#8221;][vc_column width=&#8221;1\/2&#8243; css=&#8221;.vc_custom_1560699937034{background-image: url(https:\/\/themes.themeenergy.com\/bookyourtravel\/sustainable-travel\/wp-content\/uploads\/sites\/27\/2019\/06\/rs01.jpg?id=160) !important;background-position: center !important;background-repeat: no-repeat !important;background-size: cover !important;}&#8221;][vc_empty_space height=&#8221;400px&#8221;][\/vc_column][vc_column width=&#8221;1\/2&#8243; css=&#8221;.vc_custom_1560699911013{background-image: url(https:\/\/themes.themeenergy.com\/bookyourtravel\/sustainable-travel\/wp-content\/uploads\/sites\/27\/2019\/06\/hero3.jpg?id=180) !important;background-position: center !important;background-repeat: no-repeat !important;background-size: cover !important;}&#8221;][vc_empty_space height=&#8221;400px&#8221;][\/vc_column][\/vc_row][vc_row full_width=&#8221;stretch_row&#8221; css_animation=&#8221;none&#8221; css=&#8221;.vc_custom_1560511073670{padding-top: 50px !important;padding-right: 5vw !important;padding-left: 5vw !important;background-color: #ffffff !important;}&#8221;][vc_column css_animation=&#8221;none&#8221;][vc_custom_heading text=&#8221;Sobre KAii Tours&#8221; font_container=&#8221;tag:h2|font_size:27px|text_align:center&#8221; google_fonts=&#8221;font_family:Libre%20Baskerville%3Aregular%2Citalic%2C700|font_style:700%20bold%20regular%3A700%3Anormal&#8221; css_animation=&#8221;none&#8221; css=&#8221;.vc_custom_1593977350177{padding-bottom: 30px !important;}&#8221;][vc_row_inner gap=&#8221;35&#8243; css=&#8221;.vc_custom_1560511097384{padding-right: 5% !important;padding-left: 5% !important;}&#8221;][vc_column_inner width=&#8221;2\/3&#8243;][vc_column_text]Somos una plataforma [&hellip;]<\/p>\n","protected":false},"author":1,"featured_media":0,"parent":0,"menu_order":0,"comment_status":"closed","ping_status":"closed","template":"page-blank.php","meta":[],"_links":{"self":[{"href":"https:\/\/kaii.co\/tours\/wp-json\/wp\/v2\/pages\/377"}],"collection":[{"href":"https:\/\/kaii.co\/tours\/wp-json\/wp\/v2\/pages"}],"about":[{"href":"https:\/\/kaii.co\/tours\/wp-json\/wp\/v2\/types\/page"}],"author":[{"embeddable":true,"href":"https:\/\/kaii.co\/tours\/wp-json\/wp\/v2\/users\/1"}],"replies":[{"embeddable":true,"href":"https:\/\/kaii.co\/tours\/wp-json\/wp\/v2\/comments?post=377"}],"version-history":[{"count":8,"href":"https:\/\/kaii.co\/tours\/wp-json\/wp\/v2\/pages\/377\/revisions"}],"predecessor-version":[{"id":635,"href":"https:\/\/kaii.co\/tours\/wp-json\/wp\/v2\/pages\/377\/revisions\/635"}],"wp:attachment":[{"href":"https:\/\/kaii.co\/tours\/wp-json\/wp\/v2\/media?parent=377"}],"curies":[{"name":"wp","href":"https:\/\/api.w.org\/{rel}","templated":true}]}}