{"id":299,"date":"2018-06-13T18:27:29","date_gmt":"2018-06-13T17:27:29","guid":{"rendered":"https:\/\/themes.themeenergy.com\/bookyourtravel\/sustainable-travel\/trekking\/"},"modified":"2021-10-20T21:05:39","modified_gmt":"2021-10-20T19:05:39","slug":"viaje-de-negocios","status":"publish","type":"page","link":"https:\/\/kaii.co\/tours\/viaje-de-negocios\/","title":{"rendered":"Viaje de Negocios"},"content":{"rendered":"<p>[vc_row full_width=&#8221;stretch_row&#8221; css=&#8221;.vc_custom_1560441674229{padding-top: 30px !important;padding-bottom: 40px !important;background-color: #ffffff !important;}&#8221;][vc_column width=&#8221;5\/6&#8243;][vc_custom_heading text=&#8221;Viaje de Negocios&#8221; font_container=&#8221;tag:h1|font_size:27px|text_align:left|line_height:1.33&#8243; use_theme_fonts=&#8221;yes&#8221;][vc_column_text]Si no buscas unas vacaciones sino una oportunidad para expandir tu negocio o invertir en proyectos de impacto positivo con alto retorno, nuestro viaje de negocios es para ti. Organizamos todo tipo de actos corporativos, viajes de grupo y, si lo requieres, acompa\u00f1amiento para realizar tus inversiones. Nepal es un pa\u00eds con inmensas posibilidades para los negocios, un enorme potencial natural y grandes oportunidades para inversores.<\/p>\n<p>A menudo ocurre que las personas quieren invertir en pa\u00edses en v\u00edas de desarrollo c\u00f3mo Nepal, desconocen la manera de operar local y temen que esto perjudique a sus proyectos. Por esto, KAii Tours colabora con KAii Ventures Abroad, formado por profesionales de las financias y el desarrollo empresarial, para poder guiarte y asesorarte en todos los \u00e1mbitos y lograr que tus proyectos sean un \u00e9xito.<\/p>\n<p>KAii Tours organiza tu viaje a medida, para satisfacer las necesidades \u00fanicas de tu empresa y ayudarte a lograr tus objetivos.<\/p>\n<p><strong>\u201cEl riesgo proviene de no saber lo que est\u00e1s haciendo&#8221;- Warren Buffett<\/strong><\/p>\n<p>[\/vc_column_text][\/vc_column][vc_column width=&#8221;1\/6&#8243;][\/vc_column][\/vc_row][vc_row full_width=&#8221;stretch_row&#8221; equal_height=&#8221;yes&#8221; content_placement=&#8221;middle&#8221; css=&#8221;.vc_custom_1560447994719{background-image: url(https:\/\/themes.themeenergy.com\/bookyourtravel\/sustainable-travel\/wp-content\/uploads\/sites\/27\/2019\/06\/bg.jpg?id=262) !important;background-position: center !important;background-repeat: no-repeat !important;background-size: cover !important;}&#8221;][vc_column css=&#8221;.vc_custom_1560448056625{padding-top: 0px !important;}&#8221;][vc_row_inner css=&#8221;.vc_custom_1560448133420{margin-right: 0px !important;margin-left: 0px !important;background-color: #212121 !important;}&#8221;][vc_column_inner css=&#8221;.vc_custom_1560448236078{padding-top: 80px !important;padding-right: 7vw !important;padding-bottom: 70px !important;padding-left: 7vw !important;}&#8221;][vc_custom_heading text=&#8221;&#8220;My friend and I had such a great experience with sustainable travel! We organized gorilla tracking from Canada, and corresponding with travel representatives made planning a breeze.&#8220;&#8221; font_container=&#8221;tag:h6|font_size:27px|text_align:center|color:%23c2b29e|line_height:1.5&#8243; google_fonts=&#8221;font_family:Libre%20Baskerville%3Aregular%2Citalic%2C700|font_style:400%20regular%3A400%3Anormal&#8221; css=&#8221;.vc_custom_1560447453142{padding-bottom: 10px !important;}&#8221;][vc_custom_heading text=&#8221;Chad, Canada&#8221; font_container=&#8221;tag:p|font_size:17px|text_align:center|color:%23ffffff&#8221; use_theme_fonts=&#8221;yes&#8221;][\/vc_column_inner][\/vc_row_inner][\/vc_column][\/vc_row]<\/p>\n","protected":false},"excerpt":{"rendered":"<p>[vc_row full_width=&#8221;stretch_row&#8221; css=&#8221;.vc_custom_1560441674229{padding-top: 30px !important;padding-bottom: 40px !important;background-color: #ffffff !important;}&#8221;][vc_column width=&#8221;5\/6&#8243;][vc_custom_heading text=&#8221;Viaje de Negocios&#8221; font_container=&#8221;tag:h1|font_size:27px|text_align:left|line_height:1.33&#8243; use_theme_fonts=&#8221;yes&#8221;][vc_column_text]Si no buscas unas vacaciones sino una oportunidad para expandir tu negocio o invertir en proyectos de impacto positivo con alto retorno, nuestro viaje de negocios es para ti. Organizamos todo tipo de actos corporativos, viajes de grupo y, si lo [&hellip;]<\/p>\n","protected":false},"author":1,"featured_media":723,"parent":0,"menu_order":0,"comment_status":"closed","ping_status":"closed","template":"page-blank.php","meta":[],"_links":{"self":[{"href":"https:\/\/kaii.co\/tours\/wp-json\/wp\/v2\/pages\/299"}],"collection":[{"href":"https:\/\/kaii.co\/tours\/wp-json\/wp\/v2\/pages"}],"about":[{"href":"https:\/\/kaii.co\/tours\/wp-json\/wp\/v2\/types\/page"}],"author":[{"embeddable":true,"href":"https:\/\/kaii.co\/tours\/wp-json\/wp\/v2\/users\/1"}],"replies":[{"embeddable":true,"href":"https:\/\/kaii.co\/tours\/wp-json\/wp\/v2\/comments?post=299"}],"version-history":[{"count":6,"href":"https:\/\/kaii.co\/tours\/wp-json\/wp\/v2\/pages\/299\/revisions"}],"predecessor-version":[{"id":622,"href":"https:\/\/kaii.co\/tours\/wp-json\/wp\/v2\/pages\/299\/revisions\/622"}],"wp:featuredmedia":[{"embeddable":true,"href":"https:\/\/kaii.co\/tours\/wp-json\/wp\/v2\/media\/723"}],"wp:attachment":[{"href":"https:\/\/kaii.co\/tours\/wp-json\/wp\/v2\/media?parent=299"}],"curies":[{"name":"wp","href":"https:\/\/api.w.org\/{rel}","templated":true}]}}