{"id":296,"date":"2018-06-13T18:25:38","date_gmt":"2018-06-13T17:25:38","guid":{"rendered":"https:\/\/themes.themeenergy.com\/bookyourtravel\/sustainable-travel\/beach\/"},"modified":"2021-10-20T21:04:20","modified_gmt":"2021-10-20T19:04:20","slug":"los-tesoros-escondidos-de-nepal","status":"publish","type":"page","link":"https:\/\/kaii.co\/tours\/los-tesoros-escondidos-de-nepal\/","title":{"rendered":"Los tesoros escondidos de Nepal"},"content":{"rendered":"<p>[vc_row full_width=&#8221;stretch_row&#8221; css=&#8221;.vc_custom_1560441674229{padding-top: 30px !important;padding-bottom: 40px !important;background-color: #ffffff !important;}&#8221;][vc_column width=&#8221;5\/6&#8243;][vc_custom_heading text=&#8221;Los tesoros escondidos de Nepal&#8221; font_container=&#8221;tag:h1|font_size:27px|text_align:left|line_height:1.33&#8243; use_theme_fonts=&#8221;yes&#8221;][vc_column_text]A trav\u00e9s del tour `Los tesoros escondidos de Nepal\u00b4 visitar\u00e1s los rincones m\u00e1s v\u00edrgenes de Nepal all\u00ed donde a\u00fan no ha llegado el turismo. Con esta experiencia podr\u00e1s descubrir paisajes inolvidables, lagos de ensue\u00f1o, y todos los tesoros que esconde el oeste de Nepal. Podr\u00edamos decir que este es uno de los tours m\u00e1s especiales, pues conocer\u00e1s rincones que no suelen ser visitados ni incluidos en gu\u00edas de viaje, pero que esconden una gran belleza desconocida.<\/p>\n<p>Te ofrecemos diferentes itinerarios dependiendo del tiempo del que dispongas y de tus gustos y prioridades. El tiempo m\u00ednimo que te recomendamos es de 21 d\u00edas, aunque si dispones de m\u00e1s tiempo podremos realizar una visita m\u00e1s amplia. Todos nuestros tours son personalizados y podemos a\u00f1adir cualquier actividad extra que desees realizar: como paseo en caballo, navegar en canoa, sesiones de meditaci\u00f3n, entre otros.<\/p>\n<p>El objetivo de este itinerario es que entres en contacto con los m\u00e1s maravillosos y descubras los rincones in\u00e9ditos del pa\u00eds: los secretos escondidos de Nepal.<\/p>\n<p><strong>\u201cEl planeta tiene m\u00fasica para aquellos que quieren escuchar\u201d- George Santayana<\/strong>[\/vc_column_text][\/vc_column][vc_column width=&#8221;1\/6&#8243;][\/vc_column][\/vc_row][vc_row full_width=&#8221;stretch_row&#8221; equal_height=&#8221;yes&#8221; content_placement=&#8221;middle&#8221; css=&#8221;.vc_custom_1560447994719{background-image: url(https:\/\/themes.themeenergy.com\/bookyourtravel\/sustainable-travel\/wp-content\/uploads\/sites\/27\/2019\/06\/bg.jpg?id=262) !important;background-position: center !important;background-repeat: no-repeat !important;background-size: cover !important;}&#8221;][vc_column css=&#8221;.vc_custom_1560448056625{padding-top: 0px !important;}&#8221;][vc_row_inner css=&#8221;.vc_custom_1560448133420{margin-right: 0px !important;margin-left: 0px !important;background-color: #212121 !important;}&#8221;][vc_column_inner css=&#8221;.vc_custom_1560448236078{padding-top: 80px !important;padding-right: 7vw !important;padding-bottom: 70px !important;padding-left: 7vw !important;}&#8221;][vc_custom_heading text=&#8221;&#8220;My friend and I had such a great experience with sustainable travel! We organized gorilla tracking from Canada, and corresponding with travel representatives made planning a breeze.&#8220;&#8221; font_container=&#8221;tag:h6|font_size:27px|text_align:center|color:%23c2b29e|line_height:1.5&#8243; google_fonts=&#8221;font_family:Libre%20Baskerville%3Aregular%2Citalic%2C700|font_style:400%20regular%3A400%3Anormal&#8221; css=&#8221;.vc_custom_1560447453142{padding-bottom: 10px !important;}&#8221;][vc_custom_heading text=&#8221;Chad, Canada&#8221; font_container=&#8221;tag:p|font_size:17px|text_align:center|color:%23ffffff&#8221; use_theme_fonts=&#8221;yes&#8221;][\/vc_column_inner][\/vc_row_inner][\/vc_column][\/vc_row]<\/p>\n","protected":false},"excerpt":{"rendered":"<p>[vc_row full_width=&#8221;stretch_row&#8221; css=&#8221;.vc_custom_1560441674229{padding-top: 30px !important;padding-bottom: 40px !important;background-color: #ffffff !important;}&#8221;][vc_column width=&#8221;5\/6&#8243;][vc_custom_heading text=&#8221;Los tesoros escondidos de Nepal&#8221; font_container=&#8221;tag:h1|font_size:27px|text_align:left|line_height:1.33&#8243; use_theme_fonts=&#8221;yes&#8221;][vc_column_text]A trav\u00e9s del tour `Los tesoros escondidos de Nepal\u00b4 visitar\u00e1s los rincones m\u00e1s v\u00edrgenes de Nepal all\u00ed donde a\u00fan no ha llegado el turismo. Con esta experiencia podr\u00e1s descubrir paisajes inolvidables, lagos de ensue\u00f1o, y todos los tesoros que [&hellip;]<\/p>\n","protected":false},"author":1,"featured_media":725,"parent":0,"menu_order":0,"comment_status":"closed","ping_status":"closed","template":"page-blank.php","meta":[],"_links":{"self":[{"href":"https:\/\/kaii.co\/tours\/wp-json\/wp\/v2\/pages\/296"}],"collection":[{"href":"https:\/\/kaii.co\/tours\/wp-json\/wp\/v2\/pages"}],"about":[{"href":"https:\/\/kaii.co\/tours\/wp-json\/wp\/v2\/types\/page"}],"author":[{"embeddable":true,"href":"https:\/\/kaii.co\/tours\/wp-json\/wp\/v2\/users\/1"}],"replies":[{"embeddable":true,"href":"https:\/\/kaii.co\/tours\/wp-json\/wp\/v2\/comments?post=296"}],"version-history":[{"count":7,"href":"https:\/\/kaii.co\/tours\/wp-json\/wp\/v2\/pages\/296\/revisions"}],"predecessor-version":[{"id":754,"href":"https:\/\/kaii.co\/tours\/wp-json\/wp\/v2\/pages\/296\/revisions\/754"}],"wp:featuredmedia":[{"embeddable":true,"href":"https:\/\/kaii.co\/tours\/wp-json\/wp\/v2\/media\/725"}],"wp:attachment":[{"href":"https:\/\/kaii.co\/tours\/wp-json\/wp\/v2\/media?parent=296"}],"curies":[{"name":"wp","href":"https:\/\/api.w.org\/{rel}","templated":true}]}}