{"id":292,"date":"2018-06-13T18:20:26","date_gmt":"2018-06-13T17:20:26","guid":{"rendered":"https:\/\/themes.themeenergy.com\/bookyourtravel\/sustainable-travel\/travel-with-purpose\/"},"modified":"2021-10-20T20:55:36","modified_gmt":"2021-10-20T18:55:36","slug":"experiencia-deluxe-en-nepal","status":"publish","type":"page","link":"https:\/\/kaii.co\/tours\/experiencia-deluxe-en-nepal\/","title":{"rendered":"Experiencia Deluxe en Nepal"},"content":{"rendered":"<p>[vc_row full_width=&#8221;stretch_row&#8221; css=&#8221;.vc_custom_1560441674229{padding-top: 30px !important;padding-bottom: 40px !important;background-color: #ffffff !important;}&#8221;][vc_column width=&#8221;5\/6&#8243;][vc_custom_heading text=&#8221;Experiencia Deluxe en Nepal&#8221; font_container=&#8221;tag:h1|font_size:27px|text_align:left|line_height:1.33&#8243; use_theme_fonts=&#8221;yes&#8221;][vc_column_text]Nuestro tour `Experiencia Deluxe en Nepal\u00b4 es para ti si quieres descubrir el pa\u00eds con la m\u00e1xima comodidad y con una selecci\u00f3n de experiencias exclusivas. Durante este tour Te alojar\u00e1s en los mejores hoteles y resorts de Nepal, con paisajes naturales incre\u00edbles, piscina, spa, golf, y otras facilidades. Tambi\u00e9n dispondr\u00e1s de un veh\u00edculo privado para realizar todos los desplazamientos y visitar los imprescindibles de Nepal.\u00a0 Adem\u00e1s, puedes realizar nuestra actividad estrella que es sobrevolar los Himalaya en avioneta.<\/p>\n<p>Te ofrecemos cinco itinerarios diferentes dependiendo del tiempo del que dispongas y de tus gustos y prioridades. Adem\u00e1s, tambi\u00e9n te podemos dise\u00f1ar el viaje a medida, incluyendo todas aquellas visitas o experiencias que desees. El tiempo m\u00ednimo que te recomendamos es de 7 d\u00edas, aunque si dispones de m\u00e1s tiempo podremos incluir una visita m\u00e1s extensa del pa\u00eds.<\/p>\n<p>Puede que te hayas planteado viajar a Nepal, pero te asuste pensar en la situaci\u00f3n en la que se encontrar\u00e1n los hoteles o los transportes locales. A trav\u00e9s de este tour te garantizamos el m\u00e1ximo confort y comodidad para descubrir el pa\u00eds del Himalaya.\u00a0 Los viajeros que han realizado este tour destacan la profesionalidad del servicio, y la limpieza de los hoteles. La experiencia que m\u00e1s suele gustar es la de sobrevolar los Himalaya. No obstante, las visitas culturales, los templos budistas, los paseos en canoa o las caminatas son tambi\u00e9n actividades muy valoradas por nuestros viajeros.<\/p>\n<p>El objetivo de este itinerario es que puedas hacer un viaje con experiencias exclusivas, visitando Nepal al mismo tiempo que te sientes como en casa.<\/p>\n<p><strong>\u00a0\u201cConoce Nepal desde la exclusividad y el confort\u201d<\/strong>[\/vc_column_text][\/vc_column][vc_column width=&#8221;1\/6&#8243;][\/vc_column][\/vc_row][vc_row full_width=&#8221;stretch_row&#8221; equal_height=&#8221;yes&#8221; content_placement=&#8221;middle&#8221; css=&#8221;.vc_custom_1560447994719{background-image: url(https:\/\/themes.themeenergy.com\/bookyourtravel\/sustainable-travel\/wp-content\/uploads\/sites\/27\/2019\/06\/bg.jpg?id=262) !important;background-position: center !important;background-repeat: no-repeat !important;background-size: cover !important;}&#8221;][vc_column css=&#8221;.vc_custom_1560448056625{padding-top: 0px !important;}&#8221;][vc_row_inner css=&#8221;.vc_custom_1560448133420{margin-right: 0px !important;margin-left: 0px !important;background-color: #212121 !important;}&#8221;][vc_column_inner css=&#8221;.vc_custom_1560448236078{padding-top: 80px !important;padding-right: 7vw !important;padding-bottom: 70px !important;padding-left: 7vw !important;}&#8221;][vc_custom_heading text=&#8221;&#8220;My friend and I had such a great experience with sustainable travel! We organized gorilla tracking from Canada, and corresponding with travel representatives made planning a breeze.&#8220;&#8221; font_container=&#8221;tag:h6|font_size:27px|text_align:center|color:%23c2b29e|line_height:1.5&#8243; google_fonts=&#8221;font_family:Libre%20Baskerville%3Aregular%2Citalic%2C700|font_style:400%20regular%3A400%3Anormal&#8221; css=&#8221;.vc_custom_1560447453142{padding-bottom: 10px !important;}&#8221;][vc_custom_heading text=&#8221;Chad, Canada&#8221; font_container=&#8221;tag:p|font_size:17px|text_align:center|color:%23ffffff&#8221; use_theme_fonts=&#8221;yes&#8221;][\/vc_column_inner][\/vc_row_inner][\/vc_column][\/vc_row]<\/p>\n","protected":false},"excerpt":{"rendered":"<p>[vc_row full_width=&#8221;stretch_row&#8221; css=&#8221;.vc_custom_1560441674229{padding-top: 30px !important;padding-bottom: 40px !important;background-color: #ffffff !important;}&#8221;][vc_column width=&#8221;5\/6&#8243;][vc_custom_heading text=&#8221;Experiencia Deluxe en Nepal&#8221; font_container=&#8221;tag:h1|font_size:27px|text_align:left|line_height:1.33&#8243; use_theme_fonts=&#8221;yes&#8221;][vc_column_text]Nuestro tour `Experiencia Deluxe en Nepal\u00b4 es para ti si quieres descubrir el pa\u00eds con la m\u00e1xima comodidad y con una selecci\u00f3n de experiencias exclusivas. Durante este tour Te alojar\u00e1s en los mejores hoteles y resorts de Nepal, con paisajes [&hellip;]<\/p>\n","protected":false},"author":1,"featured_media":722,"parent":0,"menu_order":0,"comment_status":"closed","ping_status":"closed","template":"page-blank.php","meta":[],"_links":{"self":[{"href":"https:\/\/kaii.co\/tours\/wp-json\/wp\/v2\/pages\/292"}],"collection":[{"href":"https:\/\/kaii.co\/tours\/wp-json\/wp\/v2\/pages"}],"about":[{"href":"https:\/\/kaii.co\/tours\/wp-json\/wp\/v2\/types\/page"}],"author":[{"embeddable":true,"href":"https:\/\/kaii.co\/tours\/wp-json\/wp\/v2\/users\/1"}],"replies":[{"embeddable":true,"href":"https:\/\/kaii.co\/tours\/wp-json\/wp\/v2\/comments?post=292"}],"version-history":[{"count":6,"href":"https:\/\/kaii.co\/tours\/wp-json\/wp\/v2\/pages\/292\/revisions"}],"predecessor-version":[{"id":748,"href":"https:\/\/kaii.co\/tours\/wp-json\/wp\/v2\/pages\/292\/revisions\/748"}],"wp:featuredmedia":[{"embeddable":true,"href":"https:\/\/kaii.co\/tours\/wp-json\/wp\/v2\/media\/722"}],"wp:attachment":[{"href":"https:\/\/kaii.co\/tours\/wp-json\/wp\/v2\/media?parent=292"}],"curies":[{"name":"wp","href":"https:\/\/api.w.org\/{rel}","templated":true}]}}