{"id":285,"date":"2018-06-13T18:16:03","date_gmt":"2018-06-13T17:16:03","guid":{"rendered":"https:\/\/themes.themeenergy.com\/bookyourtravel\/sustainable-travel\/safari\/"},"modified":"2021-10-20T21:00:48","modified_gmt":"2021-10-20T19:00:48","slug":"experiencia-solidaria","status":"publish","type":"page","link":"https:\/\/kaii.co\/tours\/experiencia-solidaria\/","title":{"rendered":"Experiencia solidaria"},"content":{"rendered":"<p>[vc_row full_width=&#8221;stretch_row&#8221; css=&#8221;.vc_custom_1560441674229{padding-top: 30px !important;padding-bottom: 40px !important;background-color: #ffffff !important;}&#8221;][vc_column width=&#8221;5\/6&#8243;][vc_custom_heading text=&#8221;Experiencia Solidaria&#8221; font_container=&#8221;tag:h1|font_size:27px|text_align:left|line_height:1.33&#8243; use_theme_fonts=&#8221;yes&#8221;][vc_column_text]Nuestro viaje `Experiencia Solidaria\u00b4 te permite visitar Nepal con una mirada hac\u00eda lo social. A trav\u00e9s de este tour no s\u00f3lo visitar\u00e1s los maravillosos monumentos y templos del pa\u00eds, sino que tambi\u00e9n conocer\u00e1s diferentes proyectos sociales, descubriendo la situaci\u00f3n que viven las personas m\u00e1s vulnerables. Este viaje es una combinaci\u00f3n entre cooperaci\u00f3n y turismo sostenible, colaborando activamente en proyectos sociales a la vez que descubrimos el pa\u00eds del Himalaya.<\/p>\n<p>Te ofrecemos diferentes itinerarios dependiendo del tiempo del que dispongas y de tus gustos y prioridades. Durante el recorrido puedes elegir si prefieres alojarte en hoteles o convivir con personas locales en algunas ocasiones con la finalidad de conocer Nepal y su poblaci\u00f3n desde el interior. El tiempo m\u00ednimo que te recomendamos es de 7 d\u00edas, aunque si dispones de m\u00e1s tiempo podremos incluir una visita m\u00e1s extensa o alguna caminata por los Himalaya.<\/p>\n<p>La visita que m\u00e1s suele gustar a nuestros viajeros es la de la escuela de educaci\u00f3n especial Asha, gestionada por la Fundaci\u00f3n Si Asha y la ONG Familia de Hetauda en el sur de Nepal.\u00a0 Sabemos que conocer a estos ni\u00f1os es una experiencia que no te quedar\u00e1 grabada en el alma.<\/p>\n<p>El objetivo de este itinerario es que puedas combinar la cooperaci\u00f3n con el turismo sostenible, conociendo la parte social y descubriendo Nepal desde el interior.<\/p>\n<p><strong>\u00a0\u201cNo hay paz verdadera sin justicia, verdad y solidaridad.\u201d<\/strong>[\/vc_column_text][\/vc_column][vc_column width=&#8221;1\/6&#8243;][\/vc_column][\/vc_row][vc_row full_width=&#8221;stretch_row&#8221; equal_height=&#8221;yes&#8221; content_placement=&#8221;middle&#8221; css=&#8221;.vc_custom_1560447994719{background-image: url(https:\/\/themes.themeenergy.com\/bookyourtravel\/sustainable-travel\/wp-content\/uploads\/sites\/27\/2019\/06\/bg.jpg?id=262) !important;background-position: center !important;background-repeat: no-repeat !important;background-size: cover !important;}&#8221;][vc_column css=&#8221;.vc_custom_1560448056625{padding-top: 0px !important;}&#8221;][vc_row_inner css=&#8221;.vc_custom_1560448133420{margin-right: 0px !important;margin-left: 0px !important;background-color: #212121 !important;}&#8221;][vc_column_inner css=&#8221;.vc_custom_1560448236078{padding-top: 80px !important;padding-right: 7vw !important;padding-bottom: 70px !important;padding-left: 7vw !important;}&#8221;][vc_custom_heading text=&#8221;&#8220;My friend and I had such a great experience with sustainable travel! We organized gorilla tracking from Canada, and corresponding with travel representatives made planning a breeze.&#8220;&#8221; font_container=&#8221;tag:h6|font_size:27px|text_align:center|color:%23c2b29e|line_height:1.5&#8243; google_fonts=&#8221;font_family:Libre%20Baskerville%3Aregular%2Citalic%2C700|font_style:400%20regular%3A400%3Anormal&#8221; css=&#8221;.vc_custom_1560447453142{padding-bottom: 10px !important;}&#8221;][vc_custom_heading text=&#8221;Chad, Canada&#8221; font_container=&#8221;tag:p|font_size:17px|text_align:center|color:%23ffffff&#8221; use_theme_fonts=&#8221;yes&#8221;][\/vc_column_inner][\/vc_row_inner][\/vc_column][\/vc_row]<\/p>\n","protected":false},"excerpt":{"rendered":"<p>[vc_row full_width=&#8221;stretch_row&#8221; css=&#8221;.vc_custom_1560441674229{padding-top: 30px !important;padding-bottom: 40px !important;background-color: #ffffff !important;}&#8221;][vc_column width=&#8221;5\/6&#8243;][vc_custom_heading text=&#8221;Experiencia Solidaria&#8221; font_container=&#8221;tag:h1|font_size:27px|text_align:left|line_height:1.33&#8243; use_theme_fonts=&#8221;yes&#8221;][vc_column_text]Nuestro viaje `Experiencia Solidaria\u00b4 te permite visitar Nepal con una mirada hac\u00eda lo social. A trav\u00e9s de este tour no s\u00f3lo visitar\u00e1s los maravillosos monumentos y templos del pa\u00eds, sino que tambi\u00e9n conocer\u00e1s diferentes proyectos sociales, descubriendo la situaci\u00f3n que viven las [&hellip;]<\/p>\n","protected":false},"author":1,"featured_media":726,"parent":0,"menu_order":0,"comment_status":"closed","ping_status":"closed","template":"page-blank.php","meta":[],"_links":{"self":[{"href":"https:\/\/kaii.co\/tours\/wp-json\/wp\/v2\/pages\/285"}],"collection":[{"href":"https:\/\/kaii.co\/tours\/wp-json\/wp\/v2\/pages"}],"about":[{"href":"https:\/\/kaii.co\/tours\/wp-json\/wp\/v2\/types\/page"}],"author":[{"embeddable":true,"href":"https:\/\/kaii.co\/tours\/wp-json\/wp\/v2\/users\/1"}],"replies":[{"embeddable":true,"href":"https:\/\/kaii.co\/tours\/wp-json\/wp\/v2\/comments?post=285"}],"version-history":[{"count":7,"href":"https:\/\/kaii.co\/tours\/wp-json\/wp\/v2\/pages\/285\/revisions"}],"predecessor-version":[{"id":753,"href":"https:\/\/kaii.co\/tours\/wp-json\/wp\/v2\/pages\/285\/revisions\/753"}],"wp:featuredmedia":[{"embeddable":true,"href":"https:\/\/kaii.co\/tours\/wp-json\/wp\/v2\/media\/726"}],"wp:attachment":[{"href":"https:\/\/kaii.co\/tours\/wp-json\/wp\/v2\/media?parent=285"}],"curies":[{"name":"wp","href":"https:\/\/api.w.org\/{rel}","templated":true}]}}