{"id":280,"date":"2018-06-13T18:11:52","date_gmt":"2018-06-13T17:11:52","guid":{"rendered":"https:\/\/themes.themeenergy.com\/bookyourtravel\/sustainable-travel\/aculture-and-history\/"},"modified":"2021-10-20T20:57:59","modified_gmt":"2021-10-20T18:57:59","slug":"experiencia-rural","status":"publish","type":"page","link":"https:\/\/kaii.co\/tours\/experiencia-rural\/","title":{"rendered":"Experiencia rural"},"content":{"rendered":"<p>[vc_row full_width=&#8221;stretch_row&#8221; css=&#8221;.vc_custom_1560441674229{padding-top: 30px !important;padding-bottom: 40px !important;background-color: #ffffff !important;}&#8221;][vc_column width=&#8221;5\/6&#8243;][vc_custom_heading text=&#8221;Experiencia rural&#8221; font_container=&#8221;tag:h1|font_size:27px|text_align:left|line_height:1.33&#8243; use_theme_fonts=&#8221;yes&#8221;][vc_column_text]Con la experiencia rural descubrir\u00e1s los pueblos m\u00e1s pintorescos de Nepal y convivir\u00e1s con sus habitantes. Adem\u00e1s, podr\u00e1s colaborar en el cultivo agr\u00edcola o el cuidado de los animales a la vez que te impregnas de la cultura del pa\u00eds. Se trata de una experiencia aut\u00e9ntica que te permite entrar en contacto con la naturaleza a la vez que conoces Nepal desde el interior.<\/p>\n<p>Te ofrecemos diferentes itinerarios dependiendo del tiempo del que dispongas y de tus gustos y prioridades. El tiempo m\u00ednimo que te recomendamos es de 10 d\u00edas, aunque si dispones de m\u00e1s tiempo podremos incluir una visita m\u00e1s extensa o alguna caminata por los Himalaya. Aunque esta experiencia est\u00e1 planteada para que convivas con la poblaci\u00f3n local aloj\u00e1ndote con familias nepal\u00edes (lo que se conoce como \u201cHome Stay\u201d), si lo prefieres tambi\u00e9n puedes dormir en hoteles rurales. Recuerda que todos nuestros tours pueden modificarse para que sean a medida acorde a tus prioridades.<\/p>\n<p>La estancia que m\u00e1s suele gustar a nuestros viajeros es en la casa familiar Namuna en el conocido pueblo de Gorkha. Durante la estancia podr\u00e1s participar en el cultivo de una de las plantaciones de frutas m\u00e1s grandes y diversas del pa\u00eds, as\u00ed como en el cuidado de los animales, a la vez que disfrutas de un entorno natural inigualable y aprendes la cultura nepal\u00ed junto con la familia que te acoge.<\/p>\n<p>El objetivo de este itinerario es que puedas visitar los pueblos rurales con m\u00e1s encanto de Nepal, entrar en contacto con la naturaleza y conocer Nepal de la mano de sus gentes.<\/p>\n<h3><strong>\u201cLa naturaleza no es un sitio para visitar. Es casa.\u201d Gary Snyder<\/strong><\/h3>\n<p>[\/vc_column_text][\/vc_column][vc_column width=&#8221;1\/6&#8243;][\/vc_column][\/vc_row][vc_row full_width=&#8221;stretch_row&#8221; equal_height=&#8221;yes&#8221; content_placement=&#8221;middle&#8221; css=&#8221;.vc_custom_1560447994719{background-image: url(https:\/\/themes.themeenergy.com\/bookyourtravel\/sustainable-travel\/wp-content\/uploads\/sites\/27\/2019\/06\/bg.jpg?id=262) !important;background-position: center !important;background-repeat: no-repeat !important;background-size: cover !important;}&#8221;][vc_column css=&#8221;.vc_custom_1560448056625{padding-top: 0px !important;}&#8221;][vc_row_inner css=&#8221;.vc_custom_1560448133420{margin-right: 0px !important;margin-left: 0px !important;background-color: #212121 !important;}&#8221;][vc_column_inner css=&#8221;.vc_custom_1560448236078{padding-top: 80px !important;padding-right: 7vw !important;padding-bottom: 70px !important;padding-left: 7vw !important;}&#8221;][vc_custom_heading text=&#8221;&#8220;My friend and I had such a great experience with sustainable travel! We organized gorilla tracking from Canada, and corresponding with travel representatives made planning a breeze.&#8220;&#8221; font_container=&#8221;tag:h6|font_size:27px|text_align:center|color:%23c2b29e|line_height:1.5&#8243; google_fonts=&#8221;font_family:Libre%20Baskerville%3Aregular%2Citalic%2C700|font_style:400%20regular%3A400%3Anormal&#8221; css=&#8221;.vc_custom_1560447453142{padding-bottom: 10px !important;}&#8221;][vc_custom_heading text=&#8221;Chad, Canada&#8221; font_container=&#8221;tag:p|font_size:17px|text_align:center|color:%23ffffff&#8221; use_theme_fonts=&#8221;yes&#8221;][\/vc_column_inner][\/vc_row_inner][\/vc_column][\/vc_row]<\/p>\n","protected":false},"excerpt":{"rendered":"<p>[vc_row full_width=&#8221;stretch_row&#8221; css=&#8221;.vc_custom_1560441674229{padding-top: 30px !important;padding-bottom: 40px !important;background-color: #ffffff !important;}&#8221;][vc_column width=&#8221;5\/6&#8243;][vc_custom_heading text=&#8221;Experiencia rural&#8221; font_container=&#8221;tag:h1|font_size:27px|text_align:left|line_height:1.33&#8243; use_theme_fonts=&#8221;yes&#8221;][vc_column_text]Con la experiencia rural descubrir\u00e1s los pueblos m\u00e1s pintorescos de Nepal y convivir\u00e1s con sus habitantes. Adem\u00e1s, podr\u00e1s colaborar en el cultivo agr\u00edcola o el cuidado de los animales a la vez que te impregnas de la cultura del pa\u00eds. Se trata [&hellip;]<\/p>\n","protected":false},"author":1,"featured_media":109,"parent":0,"menu_order":0,"comment_status":"closed","ping_status":"closed","template":"page-blank.php","meta":[],"_links":{"self":[{"href":"https:\/\/kaii.co\/tours\/wp-json\/wp\/v2\/pages\/280"}],"collection":[{"href":"https:\/\/kaii.co\/tours\/wp-json\/wp\/v2\/pages"}],"about":[{"href":"https:\/\/kaii.co\/tours\/wp-json\/wp\/v2\/types\/page"}],"author":[{"embeddable":true,"href":"https:\/\/kaii.co\/tours\/wp-json\/wp\/v2\/users\/1"}],"replies":[{"embeddable":true,"href":"https:\/\/kaii.co\/tours\/wp-json\/wp\/v2\/comments?post=280"}],"version-history":[{"count":8,"href":"https:\/\/kaii.co\/tours\/wp-json\/wp\/v2\/pages\/280\/revisions"}],"predecessor-version":[{"id":750,"href":"https:\/\/kaii.co\/tours\/wp-json\/wp\/v2\/pages\/280\/revisions\/750"}],"wp:featuredmedia":[{"embeddable":true,"href":"https:\/\/kaii.co\/tours\/wp-json\/wp\/v2\/media\/109"}],"wp:attachment":[{"href":"https:\/\/kaii.co\/tours\/wp-json\/wp\/v2\/media?parent=280"}],"curies":[{"name":"wp","href":"https:\/\/api.w.org\/{rel}","templated":true}]}}