{"id":28,"date":"2018-06-03T10:21:54","date_gmt":"2018-06-03T09:21:54","guid":{"rendered":"https:\/\/themes.themeenergy.com\/bookyourtravel\/sustainable-travel\/?page_id=28"},"modified":"2021-10-20T20:40:01","modified_gmt":"2021-10-20T18:40:01","slug":"encuentro-espiritual","status":"publish","type":"page","link":"https:\/\/kaii.co\/tours\/encuentro-espiritual\/","title":{"rendered":"Encuentro espiritual"},"content":{"rendered":"<p>[vc_row full_width=&#8221;stretch_row&#8221; css=&#8221;.vc_custom_1560441674229{padding-top: 30px !important;padding-bottom: 40px !important;background-color: #ffffff !important;}&#8221;][vc_column width=&#8221;5\/6&#8243;][vc_custom_heading text=&#8221;Encuentro espiritual&#8221; font_container=&#8221;tag:h1|font_size:27px|text_align:left|line_height:1.33&#8243; use_theme_fonts=&#8221;yes&#8221;][vc_column_text]A trav\u00e9s de nuestro Tour `Encuentro espiritual\u00b4 podr\u00e1s convivir con los monjes budistas del Himalaya, descubrir el lugar donde naci\u00f3 buddha o visitar los templos hinduistas y stupas budistas de la capital. Te adentrar\u00e1s en el mundo de la espiritualidad y podr\u00e1s aprender meditaci\u00f3n de la mano de los mejores maestros. Aprender\u00e1s mantras, t\u00e9cnicas de respiraci\u00f3n y el arte de los cuencos tibetanos.<\/p>\n<p>Te ofrecemos tres itinerarios diferentes dependiendo del tiempo del que dispongas y de tus gustos y prioridades. Adem\u00e1s, tambi\u00e9n te podemos dise\u00f1ar el viaje a medida, incluyendo todas aquellas visitas o experiencias que desees. El tiempo m\u00ednimo que te recomendamos es de 2 semanas, aunque puedes extender este viaje hasta un m\u00e1ximo de 5 meses.<\/p>\n<p>Algunas de las experiencias que m\u00e1s suelen gustar a nuestros viajeros son: meditaci\u00f3n Vipasana, experiencia en la escuela de Osho, clases de yoga, aprendizajes budistas con Rinpoches, participaci\u00f3n en plegarias y ceremonias budistas, conocimientos de la religi\u00f3n hind\u00fa con Gur\u00fas, visita a Pasupatinath y el aarati, aprendizajes musicales y retiros espirituales.<\/p>\n<p>El objetivo de este itinerario es que puedas hacer un viaje interior, conectando contigo mismo y con tu prop\u00f3sito de vida.<\/p>\n<p><strong>\u00a0\u201cViaja para perderte y encontrarte al mismo tiempo\u201d<\/strong>[\/vc_column_text][\/vc_column][vc_column width=&#8221;1\/6&#8243;][\/vc_column][\/vc_row][vc_row full_width=&#8221;stretch_row&#8221; equal_height=&#8221;yes&#8221; content_placement=&#8221;middle&#8221; css=&#8221;.vc_custom_1560447994719{background-image: url(https:\/\/themes.themeenergy.com\/bookyourtravel\/sustainable-travel\/wp-content\/uploads\/sites\/27\/2019\/06\/bg.jpg?id=262) !important;background-position: center !important;background-repeat: no-repeat !important;background-size: cover !important;}&#8221;][vc_column css=&#8221;.vc_custom_1560448056625{padding-top: 0px !important;}&#8221;][vc_row_inner css=&#8221;.vc_custom_1560448133420{margin-right: 0px !important;margin-left: 0px !important;background-color: #212121 !important;}&#8221;][vc_column_inner css=&#8221;.vc_custom_1560448236078{padding-top: 80px !important;padding-right: 7vw !important;padding-bottom: 70px !important;padding-left: 7vw !important;}&#8221;][vc_custom_heading text=&#8221;&#8220;My friend and I had such a great experience with sustainable travel! We organized gorilla tracking from Canada, and corresponding with travel representatives made planning a breeze.&#8220;&#8221; font_container=&#8221;tag:h6|font_size:27px|text_align:center|color:%23c2b29e|line_height:1.5&#8243; google_fonts=&#8221;font_family:Libre%20Baskerville%3Aregular%2Citalic%2C700|font_style:400%20regular%3A400%3Anormal&#8221; css=&#8221;.vc_custom_1560447453142{padding-bottom: 10px !important;}&#8221;][vc_custom_heading text=&#8221;Chad, Canada&#8221; font_container=&#8221;tag:p|font_size:17px|text_align:center|color:%23ffffff&#8221; use_theme_fonts=&#8221;yes&#8221;][\/vc_column_inner][\/vc_row_inner][\/vc_column][\/vc_row]<\/p>\n","protected":false},"excerpt":{"rendered":"<p>[vc_row full_width=&#8221;stretch_row&#8221; css=&#8221;.vc_custom_1560441674229{padding-top: 30px !important;padding-bottom: 40px !important;background-color: #ffffff !important;}&#8221;][vc_column width=&#8221;5\/6&#8243;][vc_custom_heading text=&#8221;Encuentro espiritual&#8221; font_container=&#8221;tag:h1|font_size:27px|text_align:left|line_height:1.33&#8243; use_theme_fonts=&#8221;yes&#8221;][vc_column_text]A trav\u00e9s de nuestro Tour `Encuentro espiritual\u00b4 podr\u00e1s convivir con los monjes budistas del Himalaya, descubrir el lugar donde naci\u00f3 buddha o visitar los templos hinduistas y stupas budistas de la capital. Te adentrar\u00e1s en el mundo de la espiritualidad y podr\u00e1s [&hellip;]<\/p>\n","protected":false},"author":1,"featured_media":721,"parent":0,"menu_order":0,"comment_status":"closed","ping_status":"closed","template":"page-blank.php","meta":[],"_links":{"self":[{"href":"https:\/\/kaii.co\/tours\/wp-json\/wp\/v2\/pages\/28"}],"collection":[{"href":"https:\/\/kaii.co\/tours\/wp-json\/wp\/v2\/pages"}],"about":[{"href":"https:\/\/kaii.co\/tours\/wp-json\/wp\/v2\/types\/page"}],"author":[{"embeddable":true,"href":"https:\/\/kaii.co\/tours\/wp-json\/wp\/v2\/users\/1"}],"replies":[{"embeddable":true,"href":"https:\/\/kaii.co\/tours\/wp-json\/wp\/v2\/comments?post=28"}],"version-history":[{"count":6,"href":"https:\/\/kaii.co\/tours\/wp-json\/wp\/v2\/pages\/28\/revisions"}],"predecessor-version":[{"id":745,"href":"https:\/\/kaii.co\/tours\/wp-json\/wp\/v2\/pages\/28\/revisions\/745"}],"wp:featuredmedia":[{"embeddable":true,"href":"https:\/\/kaii.co\/tours\/wp-json\/wp\/v2\/media\/721"}],"wp:attachment":[{"href":"https:\/\/kaii.co\/tours\/wp-json\/wp\/v2\/media?parent=28"}],"curies":[{"name":"wp","href":"https:\/\/api.w.org\/{rel}","templated":true}]}}